{"id":106,"date":"2017-10-02T09:23:47","date_gmt":"2017-10-02T09:23:47","guid":{"rendered":"http:\/\/cpriagrandest.dev\/?page_id=106"},"modified":"2024-03-12T14:49:20","modified_gmt":"2024-03-12T14:49:20","slug":"mentions-legales","status":"publish","type":"page","link":"https:\/\/www.cpria-grand-est.fr\/index.php\/mentions-legales\/","title":{"rendered":"Mentions l\u00e9gales"},"content":{"rendered":"<p>CPRIA GRAND EST<\/p>\n<p>Le secr\u00e9tariat de la CPRIA GRAND EST (Commission Paritaire R\u00e9gionale Interprofessionelle de l\u2019Artisanat du Grand Est) est assur\u00e9 par l\u2019U2P GRAND EST, dont le si\u00e8ge social est 45, rue Chabaud &#8211; 51100 REIMS.<\/p>\n<p>Directeur de la publication : Christian BLANCKAERT \u2013 Pr\u00e9sident de l\u2019U2P GRAND EST.<\/p>\n<p>Contact Technique : Christine CADET, Secr\u00e9tariat de la CPRIA GRAND EST.<\/p>\n<p>Si vous rencontrez un probl\u00e8me quelconque lors de votre navigation sur ce site, ou pour toute autre information sur le site lui-m\u00eame, \u00e9crivez \u00e0 :<\/p>\n<p>Secr\u00e9tariat de la CPRIA GRAND EST<\/p>\n<p>U2P GRAND EST &#8211; 13 rue du D\u00e9p\u00f4t \u2013 67207 NIEDERHAUSBERGEN<\/p>\n<p><a href=\"mailto:contact@cpria-alsace.fr\">contact@cpria-grand-est.fr<\/a><\/p>\n<p>H\u00e9bergeur :<\/p>\n<p>CTAI<br \/>\n12 rue des M\u00e9tiers<br \/>\n68000 COLMAR<br \/>\nT\u00e9l. : 03 89 23 65 65<\/p>\n<div class=\"divider\"><div class=\"scroll-top\"><\/div><\/div>\n<div style='clear:both; height:20px' ><\/div>\n<p><strong>DROIT D\u2019AUTEUR \u2013 COPYRIGHT<\/strong><\/p>\n<p>Ce site internet et chacun des \u00e9l\u00e9ments qui le composent, notamment mais non limitativement, les textes, images, photographies, illustrations, sons, musiques sont, sauf mentions particuli\u00e8res, la propri\u00e9t\u00e9 exclusive de l\u2019U2P GRAND EST. En cons\u00e9quence, en application des dispositions du Code de la propri\u00e9t\u00e9 intellectuelle, des dispositions l\u00e9gislatives et r\u00e9glementaires de tous pays et des conventions internationales, toute reproduction ou repr\u00e9sentation, int\u00e9grale ou partielle, du site ou de l\u2019un quelconque des \u00e9l\u00e9ments qui le composent, est interdite de m\u00eame que leur alt\u00e9ration.<\/p>\n<p>Le nom de domaine est la propri\u00e9t\u00e9 exclusive de l\u2019U2P GRAND EST.<\/p>\n<p>Toute reproduction ou utilisation de ce nom de domaine, des marques ou logos apparaissant sur ce site, de quelque mani\u00e8re et \u00e0 quelque titre que ce soit, est interdite.<\/p>\n<p><strong>CREDITS PHOTOS ET VIDEOS<\/strong><\/p>\n<p>Les images du pr\u00e9sent site sont :<\/p>\n<ul>\n<li>pour partie des photographies r\u00e9alis\u00e9es par les membres de la CPRIA ou son secr\u00e9tariat.<\/li>\n<li>pour partie issues de nos partenaires.<\/li>\n<li>pour partie\u00a0: sous licences Stock Adobe.<\/li>\n<\/ul>\n<p>&nbsp;<\/p>\n<p>Les vid\u00e9os pr\u00e9sentes sont issues de l\u2019ADSA (association paritaire interprofessionnelle nationale pour le d\u00e9veloppement du dialogue social dans l&#8217;artisanat) ou ont \u00e9t\u00e9 r\u00e9alis\u00e9es par les membres de la CPRIA. Ne pas les utiliser sans l&#8217;accord de la CPRIA.<\/p>\n<p><strong>LIENS HYPERTEXTE<\/strong><\/p>\n<p>La cr\u00e9ation de liens hypertexte vers le site internet de la CPRIA GRAND EST ne peut \u00eatre faite qu\u2019avec l\u2019autorisation \u00e9crite et pr\u00e9alable de l\u2019U2P GRAND EST. L\u2019U2P GRAND EST et les organisations repr\u00e9sentatives membres de la Commission d\u00e9clinent toute responsabilit\u00e9 quant au contenu de sites tiers qui seraient li\u00e9s au site internet de la CPRIA GRAND EST.<\/p>\n<p><strong>NOTICES LEGALES<\/strong><\/p>\n<p>Nous faisons tous nos efforts pour nous assurer que les informations accessibles par l\u2019interm\u00e9diaire de notre site internet sont exactes. Toutefois, nous ne pouvons garantir que ces informations sont exactes, compl\u00e8tes et \u00e0 jour et ainsi, nous ne fournissons aucune garantie expresse ou tacite, concernant tout ou partie du site internet.<\/p>\n","protected":false},"excerpt":{"rendered":"<p>CPRIA GRAND EST Le secr\u00e9tariat de la CPRIA GRAND EST (Commission Paritaire R\u00e9gionale Interprofessionelle de l\u2019Artisanat du Grand Est) est assur\u00e9 par l\u2019U2P GRAND EST, dont le si\u00e8ge social est 45, rue Chabaud &#8211; 51100 REIMS. Directeur de la publication : Christian BLANCKAERT \u2013 Pr\u00e9sident de l\u2019U2P GRAND EST. Contact Technique : Christine CADET, Secr\u00e9tariat de la CPRIA GRAND EST. Si vous rencontrez un probl\u00e8me quelconque lors de votre navigation sur ce site, ou pour toute autre information sur le site lui-m\u00eame, \u00e9crivez \u00e0 : Secr\u00e9tariat de la CPRIA GRAND EST U2P GRAND EST &#8211; 13 rue du D\u00e9p\u00f4t \u2013 67207 NIEDERHAUSBERGEN contact@cpria-grand-est.fr H\u00e9bergeur : CTAI 12 rue des M\u00e9tiers 68000 COLMAR T\u00e9l. : 03 89 23 65 65 DROIT D\u2019AUTEUR \u2013 COPYRIGHT Ce site internet et chacun des \u00e9l\u00e9ments qui le composent, notamment mais non limitativement, les textes, images, photographies, illustrations, sons, musiques sont, sauf mentions particuli\u00e8res, la propri\u00e9t\u00e9 exclusive de l\u2019U2P GRAND EST. En cons\u00e9quence, en application des dispositions du Code de la propri\u00e9t\u00e9 intellectuelle, des dispositions l\u00e9gislatives et r\u00e9glementaires de tous pays et des conventions internationales, toute reproduction ou repr\u00e9sentation, int\u00e9grale ou partielle, du site ou de l\u2019un quelconque des \u00e9l\u00e9ments qui le composent, est interdite de m\u00eame que leur alt\u00e9ration. Le nom de domaine est la propri\u00e9t\u00e9 exclusive de l\u2019U2P GRAND EST. Toute reproduction ou utilisation de ce nom de domaine, des marques ou logos apparaissant sur ce site, de quelque mani\u00e8re et \u00e0 quelque titre que ce soit, est interdite. CREDITS PHOTOS ET VIDEOS Les images du pr\u00e9sent site sont : pour partie des photographies r\u00e9alis\u00e9es par les membres de la CPRIA ou son secr\u00e9tariat. pour partie issues de nos partenaires. pour partie\u00a0: sous licences Stock Adobe. &nbsp; Les vid\u00e9os pr\u00e9sentes sont issues de l\u2019ADSA (association paritaire interprofessionnelle nationale pour le d\u00e9veloppement du dialogue social dans l&#8217;artisanat) ou ont \u00e9t\u00e9 r\u00e9alis\u00e9es par les membres de la CPRIA. Ne pas les utiliser sans l&#8217;accord de la CPRIA. LIENS HYPERTEXTE La cr\u00e9ation de liens hypertexte vers le site internet de la CPRIA GRAND EST ne peut \u00eatre faite qu\u2019avec l\u2019autorisation \u00e9crite et pr\u00e9alable de l\u2019U2P GRAND EST. L\u2019U2P GRAND EST et les organisations repr\u00e9sentatives membres de la Commission d\u00e9clinent toute responsabilit\u00e9 quant au contenu de sites tiers qui seraient li\u00e9s au site internet de la CPRIA GRAND EST. NOTICES LEGALES Nous faisons tous nos efforts pour nous assurer que les informations accessibles par l\u2019interm\u00e9diaire de notre site internet sont exactes. Toutefois, nous ne pouvons garantir que ces informations sont exactes, compl\u00e8tes et \u00e0 jour et ainsi, nous ne fournissons aucune garantie expresse ou tacite, concernant tout ou partie du site internet.<\/p>\n","protected":false},"author":2,"featured_media":0,"parent":0,"menu_order":0,"comment_status":"closed","ping_status":"closed","template":"","meta":{"footnotes":"","_links_to":"","_links_to_target":""},"_links":{"self":[{"href":"https:\/\/www.cpria-grand-est.fr\/index.php\/wp-json\/wp\/v2\/pages\/106"}],"collection":[{"href":"https:\/\/www.cpria-grand-est.fr\/index.php\/wp-json\/wp\/v2\/pages"}],"about":[{"href":"https:\/\/www.cpria-grand-est.fr\/index.php\/wp-json\/wp\/v2\/types\/page"}],"author":[{"embeddable":true,"href":"https:\/\/www.cpria-grand-est.fr\/index.php\/wp-json\/wp\/v2\/users\/2"}],"replies":[{"embeddable":true,"href":"https:\/\/www.cpria-grand-est.fr\/index.php\/wp-json\/wp\/v2\/comments?post=106"}],"version-history":[{"count":16,"href":"https:\/\/www.cpria-grand-est.fr\/index.php\/wp-json\/wp\/v2\/pages\/106\/revisions"}],"predecessor-version":[{"id":1027,"href":"https:\/\/www.cpria-grand-est.fr\/index.php\/wp-json\/wp\/v2\/pages\/106\/revisions\/1027"}],"wp:attachment":[{"href":"https:\/\/www.cpria-grand-est.fr\/index.php\/wp-json\/wp\/v2\/media?parent=106"}],"curies":[{"name":"wp","href":"https:\/\/api.w.org\/{rel}","templated":true}]}}