{"id":126,"date":"2017-10-13T07:01:30","date_gmt":"2017-10-13T07:01:30","guid":{"rendered":"http:\/\/cpriagrandest.dev\/?page_id=126"},"modified":"2026-02-19T08:36:06","modified_gmt":"2026-02-19T08:36:06","slug":"composition-de-la-cpria","status":"publish","type":"page","link":"https:\/\/www.cpria-grand-est.fr\/index.php\/composition-de-la-cpria\/","title":{"rendered":"Composition et Fonctionnement"},"content":{"rendered":"<p><img loading=\"lazy\" decoding=\"async\" class=\"alignnone size-large wp-image-757\" src=\"https:\/\/www.cpria-grand-est.fr\/wp-content\/uploads\/2020\/09\/20200129_152622-cpria-janvier-2020-1024x576.jpg\" alt=\"\" width=\"980\" height=\"551\" srcset=\"https:\/\/www.cpria-grand-est.fr\/wp-content\/uploads\/2020\/09\/20200129_152622-cpria-janvier-2020-1024x576.jpg 1024w, https:\/\/www.cpria-grand-est.fr\/wp-content\/uploads\/2020\/09\/20200129_152622-cpria-janvier-2020-300x169.jpg 300w, https:\/\/www.cpria-grand-est.fr\/wp-content\/uploads\/2020\/09\/20200129_152622-cpria-janvier-2020-768x432.jpg 768w\" sizes=\"(max-width: 980px) 100vw, 980px\" \/><\/p>\n<h3>Fonctionnement de la CPRIA<\/h3>\n<p>La <strong>CPRIA Grand Est<\/strong> a \u00e9t\u00e9 constitu\u00e9e le jeudi 9 mars 2017.<\/p>\n<p>La commission se r\u00e9unit r\u00e9guli\u00e8rement, au minimum une fois par trimestre. Les ordres du jour des r\u00e9unions sont \u00e9tablis en concertation entre les coll\u00e8ges salari\u00e9 et employeur. Chaque r\u00e9union fait l\u2019objet d\u2019un compte-rendu r\u00e9alis\u00e9 par le secr\u00e9tariat de la commission et soumis \u00e0 approbation lors de la r\u00e9union suivante.<\/p>\n<p>L&#8217;U2P Grand Est assure l&#8217;animation de la Commission Paritaire R\u00e9gionale Interprofessionnelle de l&#8217;Artisanat du Grand Est (CPRIA Grand Est) charg\u00e9e du dialogue social entre l&#8217;Artisanat et les repr\u00e9sentants des salari\u00e9s des petites entreprises.<\/p>\n<div class=\"divider\"><div class=\"scroll-top\"><\/div><\/div>\n<div style='clear:both; height:20px' ><\/div>\n<p>Des groupes de travail peuvent \u00eatre constitu\u00e9s en fonction de l\u2019actualit\u00e9 et des projets en cours\u2026 La formation de ces groupes de travail est d\u00e9cid\u00e9e en r\u00e9union pl\u00e9ni\u00e8re. Leurs r\u00e9flexions et recommandations y sont pr\u00e9sent\u00e9es, d\u00e9battues et valid\u00e9es.<\/p>\n<h3>Composition de la CPRIA Grand Est<\/h3>\n<p>La CPRIA est compos\u00e9e paritairement :<\/p>\n<ul>\n<li>15 membres titulaires des organisations de salari\u00e9s (3 si\u00e8ges par organisation repr\u00e9sentative au niveau national et interprofessionnel) :<br \/>\nCFDT, CFE-CGC, CFTC, CGT, CGT-FO\u00a0 ;<\/li>\n<li>15 membres titulaires de l\u2019U2P ;<\/li>\n<li>5 membres suppl\u00e9ants des organisations de salari\u00e9s (1 par organisation repr\u00e9sentative au niveau national et interprofessionnel) ;<\/li>\n<li>5 membres suppl\u00e9ants de l\u2019U2P.<\/li>\n<\/ul>\n<p>&nbsp;<\/p>\n<p>Les membres des CPRIA sont d\u00e9sign\u00e9s par les structures territoriales des organisations de salari\u00e9s, signataires de l\u2019accord du 12 d\u00e9cembre 2001 ou ayant adh\u00e9r\u00e9 \u00e0 l\u2019accord.<\/p>\n<p>Les membres ont \u00e9t\u00e9 renouvel\u00e9s selon les r\u00e8gles propres \u00e0 chaque organisation pour 4 ans \u00e0 compter de 2021. Leur mandat est renouvelable.<\/p>\n<p>La pr\u00e9sidence et vice-pr\u00e9sidence sont assur\u00e9es alternativement pour une dur\u00e9e de deux ans par le coll\u00e8ge employeur et le coll\u00e8ge salari\u00e9.<\/p>\n<p>Dans le cadre de cette alternance, la pr\u00e9sidence est pass\u00e9e lors de la pl\u00e9ni\u00e8re du 1er mars 2023 au coll\u00e8ge employeur.<\/p>\n<p>&nbsp;<\/p>\n<h3>Liste des membres de la CPRIA Grand Est<\/h3>\n<div class=\"shortcode1-2\"><p>Vice-Pr\u00e9sident : PASCUAL Silverio (coll\u00e8ge salari\u00e9)<\/p>\n<\/div>\n<div class=\"shortcode1-2\"><p>Pr\u00e9sident : BISSLER Patrick (coll\u00e8ge employeur)<\/p>\n<\/div>\n<div class=\"shortcode1-2\"><p>Coll\u00e8ge Salari\u00e9s :<\/p>\n<ul>\n<li>BAGUET William (CFE-CGC)<\/li>\n<li>PASCUAL Silverio (CFE-CGC)<\/li>\n<li>SERIN Maguy (CFE-CGC)<\/li>\n<li>BOSSERR Michael (CFTC)<\/li>\n<li>GON\u00e7ALVES Philippe (CFTC)<\/li>\n<li>JOBIN Jean-Michel (CFTC)<\/li>\n<li>STEIN Brigitte (CFTC)<\/li>\n<li>BLASUTTO Julien (FO)<\/li>\n<li>JAEGLE Catherine (FO)<\/li>\n<li>NICOLAS Fr\u00e9d\u00e9ric (FO)<\/li>\n<li>CIPRIANO Gr\u00e9gory (CGT)<\/li>\n<li>GALLOT Estelle (CGT)<\/li>\n<li>WARTH Doris (CGT)<\/li>\n<li>WARTH Isaline (CGT)<br \/>\n<\/div>\n<\/li>\n<\/ul>\n<div class=\"shortcode1-2\"><p>Coll\u00e8ge Employeurs :<\/p>\n<ul>\n<li>BISSLER Patrick<\/li>\n<li>DE ABREU Michel<\/li>\n<li>DEBART C\u00e9cile<\/li>\n<li>GASPAR Dominique<\/li>\n<li>HENRY Paul<\/li>\n<li>KREMER Laure<\/li>\n<li>LORRIETTE Fr\u00e9d\u00e9ric<\/li>\n<li>MESSER Philippe<\/li>\n<li>NOSAL Christian<\/li>\n<li>PIERRE Catherine<\/li>\n<li>SPAETH-ELWART Isabelle<\/li>\n<li>VIANA Val\u00e9rie<\/li>\n<li>VALDENAIRE Nadine<br \/>\n<\/div>\n<\/li>\n<\/ul>\n<p>&nbsp;<\/p>\n","protected":false},"excerpt":{"rendered":"<p>Fonctionnement de la CPRIA La CPRIA Grand Est a \u00e9t\u00e9 constitu\u00e9e le jeudi 9 mars 2017. La commission se r\u00e9unit r\u00e9guli\u00e8rement, au minimum une fois par trimestre. Les ordres du jour des r\u00e9unions sont \u00e9tablis en concertation entre les coll\u00e8ges salari\u00e9 et employeur. Chaque r\u00e9union fait l\u2019objet d\u2019un compte-rendu r\u00e9alis\u00e9 par le secr\u00e9tariat de la commission et soumis \u00e0 approbation lors de la r\u00e9union suivante. L&#8217;U2P Grand Est assure l&#8217;animation de la Commission Paritaire R\u00e9gionale Interprofessionnelle de l&#8217;Artisanat du Grand Est (CPRIA Grand Est) charg\u00e9e du dialogue social entre l&#8217;Artisanat et les repr\u00e9sentants des salari\u00e9s des petites entreprises. Des groupes de travail peuvent \u00eatre constitu\u00e9s en fonction de l\u2019actualit\u00e9 et des projets en cours\u2026 La formation de ces groupes de travail est d\u00e9cid\u00e9e en r\u00e9union pl\u00e9ni\u00e8re. Leurs r\u00e9flexions et recommandations y sont pr\u00e9sent\u00e9es, d\u00e9battues et valid\u00e9es. Composition de la CPRIA Grand Est La CPRIA est compos\u00e9e paritairement : 15 membres titulaires des organisations de salari\u00e9s (3 si\u00e8ges par organisation repr\u00e9sentative au niveau national et interprofessionnel) : CFDT, CFE-CGC, CFTC, CGT, CGT-FO\u00a0 ; 15 membres titulaires de l\u2019U2P ; 5 membres suppl\u00e9ants des organisations de salari\u00e9s (1 par organisation repr\u00e9sentative au niveau national et interprofessionnel) ; 5 membres suppl\u00e9ants de l\u2019U2P. &nbsp; Les membres des CPRIA sont d\u00e9sign\u00e9s par les structures territoriales des organisations de salari\u00e9s, signataires de l\u2019accord du 12 d\u00e9cembre 2001 ou ayant adh\u00e9r\u00e9 \u00e0 l\u2019accord. Les membres ont \u00e9t\u00e9 renouvel\u00e9s selon les r\u00e8gles propres \u00e0 chaque organisation pour 4 ans \u00e0 compter de 2021. Leur mandat est renouvelable. La pr\u00e9sidence et vice-pr\u00e9sidence sont assur\u00e9es alternativement pour une dur\u00e9e de deux ans par le coll\u00e8ge employeur et le coll\u00e8ge salari\u00e9. Dans le cadre de cette alternance, la pr\u00e9sidence est pass\u00e9e lors de la pl\u00e9ni\u00e8re du 1er mars 2023 au coll\u00e8ge employeur. &nbsp; Liste des membres de la CPRIA Grand Est &nbsp;<\/p>\n","protected":false},"author":2,"featured_media":757,"parent":0,"menu_order":0,"comment_status":"closed","ping_status":"closed","template":"","meta":{"footnotes":"","_links_to":"","_links_to_target":""},"_links":{"self":[{"href":"https:\/\/www.cpria-grand-est.fr\/index.php\/wp-json\/wp\/v2\/pages\/126"}],"collection":[{"href":"https:\/\/www.cpria-grand-est.fr\/index.php\/wp-json\/wp\/v2\/pages"}],"about":[{"href":"https:\/\/www.cpria-grand-est.fr\/index.php\/wp-json\/wp\/v2\/types\/page"}],"author":[{"embeddable":true,"href":"https:\/\/www.cpria-grand-est.fr\/index.php\/wp-json\/wp\/v2\/users\/2"}],"replies":[{"embeddable":true,"href":"https:\/\/www.cpria-grand-est.fr\/index.php\/wp-json\/wp\/v2\/comments?post=126"}],"version-history":[{"count":42,"href":"https:\/\/www.cpria-grand-est.fr\/index.php\/wp-json\/wp\/v2\/pages\/126\/revisions"}],"predecessor-version":[{"id":1116,"href":"https:\/\/www.cpria-grand-est.fr\/index.php\/wp-json\/wp\/v2\/pages\/126\/revisions\/1116"}],"wp:featuredmedia":[{"embeddable":true,"href":"https:\/\/www.cpria-grand-est.fr\/index.php\/wp-json\/wp\/v2\/media\/757"}],"wp:attachment":[{"href":"https:\/\/www.cpria-grand-est.fr\/index.php\/wp-json\/wp\/v2\/media?parent=126"}],"curies":[{"name":"wp","href":"https:\/\/api.w.org\/{rel}","templated":true}]}}