{"id":274,"date":"2018-09-17T14:48:29","date_gmt":"2018-09-17T14:48:29","guid":{"rendered":"https:\/\/www.cpria-grand-est.fr\/?page_id=274"},"modified":"2023-06-06T16:29:19","modified_gmt":"2023-06-06T16:29:19","slug":"chiffres-cles-artisanat","status":"publish","type":"page","link":"https:\/\/www.cpria-grand-est.fr\/index.php\/chiffres-cles-artisanat\/","title":{"rendered":"Chiffres cl\u00e9s Artisanat"},"content":{"rendered":"<p><img loading=\"lazy\" decoding=\"async\" class=\"alignnone wp-image-356 size-large\" src=\"https:\/\/www.cpria-grand-est.fr\/wp-content\/uploads\/2018\/11\/chiffres-cles-1024x576.jpg\" alt=\"\" width=\"980\" height=\"551\" srcset=\"https:\/\/www.cpria-grand-est.fr\/wp-content\/uploads\/2018\/11\/chiffres-cles-1024x576.jpg 1024w, https:\/\/www.cpria-grand-est.fr\/wp-content\/uploads\/2018\/11\/chiffres-cles-300x169.jpg 300w, https:\/\/www.cpria-grand-est.fr\/wp-content\/uploads\/2018\/11\/chiffres-cles-768x432.jpg 768w\" sizes=\"(max-width: 980px) 100vw, 980px\" \/><\/p>\n<p><strong><\/p>\n<div class=\"shortcode1-2\"><p>L&#8217;Artisanat en Grand Est<\/strong>, c&#8217;est <strong>132 274 entreprises<\/strong> du b\u00e2timent, de l&#8217;alimentation de d\u00e9tail, de l&#8217;h\u00f4tellerie-restauration, des services et de la fabrication<strong>.<\/p>\n<\/div>\n<p><\/strong><\/p>\n<div class=\"shortcode1-2\"><p>Les Entreprises artisanales emploient <strong>pr\u00e8s de 198 000 salari\u00e9s <\/strong>et forment plus <strong>de 18 000 apprentis<\/strong> chaque ann\u00e9e.<\/p>\n<\/div>\n<p>&nbsp;<\/p>\n<p>&nbsp;<\/p>\n","protected":false},"excerpt":{"rendered":"<p>&nbsp; &nbsp;<\/p>\n","protected":false},"author":2,"featured_media":0,"parent":0,"menu_order":0,"comment_status":"closed","ping_status":"closed","template":"","meta":{"footnotes":"","_links_to":"","_links_to_target":""},"_links":{"self":[{"href":"https:\/\/www.cpria-grand-est.fr\/index.php\/wp-json\/wp\/v2\/pages\/274"}],"collection":[{"href":"https:\/\/www.cpria-grand-est.fr\/index.php\/wp-json\/wp\/v2\/pages"}],"about":[{"href":"https:\/\/www.cpria-grand-est.fr\/index.php\/wp-json\/wp\/v2\/types\/page"}],"author":[{"embeddable":true,"href":"https:\/\/www.cpria-grand-est.fr\/index.php\/wp-json\/wp\/v2\/users\/2"}],"replies":[{"embeddable":true,"href":"https:\/\/www.cpria-grand-est.fr\/index.php\/wp-json\/wp\/v2\/comments?post=274"}],"version-history":[{"count":12,"href":"https:\/\/www.cpria-grand-est.fr\/index.php\/wp-json\/wp\/v2\/pages\/274\/revisions"}],"predecessor-version":[{"id":979,"href":"https:\/\/www.cpria-grand-est.fr\/index.php\/wp-json\/wp\/v2\/pages\/274\/revisions\/979"}],"wp:attachment":[{"href":"https:\/\/www.cpria-grand-est.fr\/index.php\/wp-json\/wp\/v2\/media?parent=274"}],"curies":[{"name":"wp","href":"https:\/\/api.w.org\/{rel}","templated":true}]}}